{"id":130,"date":"2021-07-02T14:18:07","date_gmt":"2021-07-02T14:18:07","guid":{"rendered":"http:\/\/pro-carpentis.de\/?page_id=130"},"modified":"2025-08-22T13:55:31","modified_gmt":"2025-08-22T13:55:31","slug":"kontakte","status":"publish","type":"page","link":"https:\/\/pro-carpentis.de\/?page_id=130","title":{"rendered":"Impressum"},"content":{"rendered":"\n<p><strong>Angaben gem\u00e4\u00df \u00a7 5 TMG<\/strong><\/p>\n\n\n\n<p><strong>Betreiberin und Verantwortliche f\u00fcr journalistisch-redaktionelle Inhalte gem. \u00a7 55 II RstV:<br><\/strong>Olga Aldirmaz (Pro!Carpentis)<br>Osterfeldstra\u00dfe 22<br>45886 Gelsenkirchen<\/p>\n\n\n\n<p><br><strong>Kontakt<\/strong><br>Telefon: 0209 \/ 1 555 84 80<br>E-Mail: procarpentis@web.de<br><\/p>\n\n\n\n<p><strong>Umsatzsteuer-ID<br><\/strong>Umsatzsteuer-Identifikationsnummer gem\u00e4\u00df \u00a7 27a Umsatzsteuergesetz:<br><strong><strong>DE264998797<\/strong><\/strong><\/p>\n\n\n\n<p><br><strong>Erweiterte Herstellerverantwortung (EPR)<br><\/strong>Als Hersteller und Inverkehrbringer von verpackten Waren&nbsp;sind wir gem\u00e4\u00df \u00a79 VerpackG (Verpackungsgesetz) im Verpackungsregister LUCID der Zentralen Stelle Verpackungsregister (ZSVR) registriert.<br>LUCID-Nummer: <strong>DE4506352832319<\/strong>.<\/p>\n\n\n\n<p><br><strong>Markenschutz<br><\/strong>Pro!Carpentis\u00ae ist eingetragene deutsche Marke (Markennummer im Register des DPMA: 30 2020 246 325, eingetragen am 11.01.2021).<\/p>\n\n\n\n<p><br><strong>Haftung f\u00fcr Inhalte<br><\/strong>Wir sind gem\u00e4\u00df \u00a7 7 Abs.1 TMG f\u00fcr eigene Inhalte auf diesen Seiten nach den allgemeinen Gesetzen verantwortlich, gem\u00e4\u00df \u00a7\u00a7 8 bis 10 TMG jedoch nicht verpflichtet, \u00fcbermittelte oder gespeicherte fremde Informationen zu \u00fcberwachen oder nach Umst\u00e4nden zu forschen, die auf eine rechtswidrige T\u00e4tigkeit hinweisen.<br>Verpflichtungen zur Entfernung oder Sperrung der Nutzung von Informationen nach den allgemeinen Gesetzen bleiben hiervon unber\u00fchrt. Eine diesbez\u00fcgliche Haftung ist jedoch erst ab dem Zeitpunkt der Kenntnis einer konkreten Rechtsverletzung m\u00f6glich. Bei Bekanntwerden von entsprechenden Rechtsverletzungen werden wir diese Inhalte umgehend entfernen.<\/p>\n\n\n\n<p><br><strong>Haftung f\u00fcr Links<br><\/strong>Unser Angebot enth\u00e4lt Links zu externen Webseiten Dritter, auf deren Inhalte wir keinen Einfluss haben. Deshalb k\u00f6nnen wir f\u00fcr diese fremden Inhalte auch keine Gew\u00e4hr \u00fcbernehmen. F\u00fcr die Inhalte der verlinkten Seiten ist stets der jeweilige Anbieter oder Betreiber der Seiten verantwortlich. Die verlinkten Seiten wurden zum Zeitpunkt der Verlinkung auf m\u00f6gliche Rechtsverst\u00f6\u00dfe \u00fcberpr\u00fcft. Rechtswidrige Inhalte waren zum Zeitpunkt der Verlinkung nicht erkennbar.<br>Eine permanente inhaltliche Kontrolle der verlinkten Seiten ist jedoch ohne konkrete Anhaltspunkte einer Rechtsverletzung nicht zumutbar. Bei Bekanntwerden von Rechtsverletzungen werden wir derartige Links umgehend entfernen.<\/p>\n\n\n\n<p><br><strong>Urheberrecht<\/strong><br>Die durch die Seitenbetreiberin erstellten Inhalte und Werke auf diesen Seiten unterliegen dem deutschen Urheberrecht. Die Vervielf\u00e4ltigung, Bearbeitung, Verbreitung und jede Art der Verwertung au\u00dferhalb der Grenzen des Urheberrechtes bed\u00fcrfen der schriftlichen Zustimmung des jeweiligen Autors bzw. Erstellers. Downloads und Kopien dieser Seite sind nur f\u00fcr den privaten, nicht kommerziellen Gebrauch gestattet.<br>Soweit die Inhalte auf dieser Seite nicht von der Betreiberin erstellt wurden, werden die Urheberrechte Dritter beachtet. Insbesondere werden Inhalte Dritter als solche gekennzeichnet. Sollten Sie trotzdem auf eine Urheberrechtsverletzung aufmerksam werden, bitten wir um einen entsprechenden Hinweis. Bei Bekanntwerden von Rechtsverletzungen werden wir derartige Inhalte umgehend entfernen.<\/p>\n\n\n\n<p><br><strong>Quellenangaben f\u00fcr verwendete Bilder und Grafiken:<br><\/strong><kbd>\u25cf<\/kbd> amazon-Icon: amazon-2048-black by simpleicons.org auf freeimages.<\/p>\n\n\n\n<p><kbd>\u25cf<\/kbd> com eBay-Icon: ebay-2048-black by simpleicons.org auf freeimages.com<\/p>\n\n\n\n<p><kbd>\u25cf<\/kbd> Dar\u00fcber hinaus wurden eigene (der Firma Olga Aldirmaz \/ Pro!Carpentis\u00ae) Bilder verwendet.<\/p>\n","protected":false},"excerpt":{"rendered":"<p>Angaben gem\u00e4\u00df \u00a7 5 TMG Betreiberin und Verantwortliche f\u00fcr journalistisch-redaktionelle Inhalte gem. \u00a7 55 II RstV:Olga Aldirmaz (Pro!Carpentis)Osterfeldstra\u00dfe 2245886 Gelsenkirchen KontaktTelefon: 0209 \/ 1 555 84 80E-Mail: procarpentis@web.de Umsatzsteuer-IDUmsatzsteuer-Identifikationsnummer gem\u00e4\u00df \u00a7 27a Umsatzsteuergesetz:DE264998797 Erweiterte Herstellerverantwortung (EPR)Als Hersteller und Inverkehrbringer von verpackten Waren&nbsp;sind wir gem\u00e4\u00df \u00a79 VerpackG (Verpackungsgesetz) im Verpackungsregister LUCID der Zentralen Stelle Verpackungsregister (ZSVR)&hellip; <br \/> <a class=\"button small blue\" href=\"https:\/\/pro-carpentis.de\/?page_id=130\">Weiterlesen<\/a><\/p>\n","protected":false},"author":1,"featured_media":0,"parent":0,"menu_order":0,"comment_status":"closed","ping_status":"closed","template":"","meta":{"footnotes":""},"class_list":["post-130","page","type-page","status-publish","hentry"],"_links":{"self":[{"href":"https:\/\/pro-carpentis.de\/index.php?rest_route=\/wp\/v2\/pages\/130","targetHints":{"allow":["GET"]}}],"collection":[{"href":"https:\/\/pro-carpentis.de\/index.php?rest_route=\/wp\/v2\/pages"}],"about":[{"href":"https:\/\/pro-carpentis.de\/index.php?rest_route=\/wp\/v2\/types\/page"}],"author":[{"embeddable":true,"href":"https:\/\/pro-carpentis.de\/index.php?rest_route=\/wp\/v2\/users\/1"}],"replies":[{"embeddable":true,"href":"https:\/\/pro-carpentis.de\/index.php?rest_route=%2Fwp%2Fv2%2Fcomments&post=130"}],"version-history":[{"count":9,"href":"https:\/\/pro-carpentis.de\/index.php?rest_route=\/wp\/v2\/pages\/130\/revisions"}],"predecessor-version":[{"id":373,"href":"https:\/\/pro-carpentis.de\/index.php?rest_route=\/wp\/v2\/pages\/130\/revisions\/373"}],"wp:attachment":[{"href":"https:\/\/pro-carpentis.de\/index.php?rest_route=%2Fwp%2Fv2%2Fmedia&parent=130"}],"curies":[{"name":"wp","href":"https:\/\/api.w.org\/{rel}","templated":true}]}}